{"id":530,"date":"2018-11-06T14:56:54","date_gmt":"2018-11-06T11:56:54","guid":{"rendered":"http:\/\/echopos.com.tr\/?page_id=530"},"modified":"2018-11-06T14:57:16","modified_gmt":"2018-11-06T11:57:16","slug":"ornek","status":"publish","type":"page","link":"https:\/\/echopos.com.tr\/tr_TR\/ornek\/","title":{"rendered":"\u00d6RNEK"},"content":{"rendered":"<p>Merhaba bu bir \u00f6rnek sayfas\u0131d\u0131r<\/p>\n<p>Bu alana diledi\u011finiz gibi i\u00e7erik girebilirsiniz.<\/p>\n<p><img decoding=\"async\" loading=\"lazy\" class=\"alignnone size-full wp-image-519\" src=\"http:\/\/echopos.com.tr\/wp-content\/uploads\/2018\/11\/50208-abstract-banner.jpg\" alt=\"\" width=\"800\" height=\"366\" \/><\/p>\n<p>foto\u011fraf ekleyebilirsiniz.<\/p>\n","protected":false},"excerpt":{"rendered":"<p>&#8230;<\/p>\n","protected":false},"author":1,"featured_media":0,"parent":0,"menu_order":0,"comment_status":"closed","ping_status":"closed","template":"","meta":[],"_links":{"self":[{"href":"https:\/\/echopos.com.tr\/tr_TR\/wp-json\/wp\/v2\/pages\/530"}],"collection":[{"href":"https:\/\/echopos.com.tr\/tr_TR\/wp-json\/wp\/v2\/pages"}],"about":[{"href":"https:\/\/echopos.com.tr\/tr_TR\/wp-json\/wp\/v2\/types\/page"}],"author":[{"embeddable":true,"href":"https:\/\/echopos.com.tr\/tr_TR\/wp-json\/wp\/v2\/users\/1"}],"replies":[{"embeddable":true,"href":"https:\/\/echopos.com.tr\/tr_TR\/wp-json\/wp\/v2\/comments?post=530"}],"version-history":[{"count":1,"href":"https:\/\/echopos.com.tr\/tr_TR\/wp-json\/wp\/v2\/pages\/530\/revisions"}],"predecessor-version":[{"id":531,"href":"https:\/\/echopos.com.tr\/tr_TR\/wp-json\/wp\/v2\/pages\/530\/revisions\/531"}],"wp:attachment":[{"href":"https:\/\/echopos.com.tr\/tr_TR\/wp-json\/wp\/v2\/media?parent=530"}],"curies":[{"name":"wp","href":"https:\/\/api.w.org\/{rel}","templated":true}]}}