{"id":455,"date":"2018-10-15T15:45:27","date_gmt":"2018-10-15T12:45:27","guid":{"rendered":"http:\/\/echopos.com.tr\/?page_id=455"},"modified":"2019-12-02T16:39:30","modified_gmt":"2019-12-02T13:39:30","slug":"sertifikalar","status":"publish","type":"page","link":"https:\/\/echopos.com.tr\/tr_TR\/sertifikalar\/","title":{"rendered":"Sertifikalar"},"content":{"rendered":"\n\t\t<style type=\"text\/css\">\n\t\t\t#gallery-1 {\n\t\t\t\tmargin: auto;\n\t\t\t}\n\t\t\t#gallery-1 .gallery-item {\n\t\t\t\tfloat: left;\n\t\t\t\tmargin-top: 10px;\n\t\t\t\ttext-align: center;\n\t\t\t\twidth: 33%;\n\t\t\t}\n\t\t\t#gallery-1 img {\n\t\t\t\tborder: 2px solid #cfcfcf;\n\t\t\t}\n\t\t\t#gallery-1 .gallery-caption {\n\t\t\t\tmargin-left: 0;\n\t\t\t}\n\t\t\t\/* see gallery_shortcode() in wp-includes\/media.php *\/\n\t\t<\/style>\n\t\t<div id='gallery-1' class='gallery galleryid-455 gallery-columns-3 gallery-size-medium'><dl class='gallery-item'>\n\t\t\t<dt class='gallery-icon portrait'>\n\t\t\t\t<a href='https:\/\/echopos.com.tr\/tr_TR\/sertifikalar\/iso-27001-2019-2\/'><img width=\"212\" height=\"300\" src=\"https:\/\/echopos.com.tr\/wp-content\/uploads\/ISO-27001-2019-212x300.jpg\" class=\"attachment-medium size-medium\" alt=\"\" decoding=\"async\" loading=\"lazy\" aria-describedby=\"gallery-1-762\" srcset=\"https:\/\/echopos.com.tr\/wp-content\/uploads\/ISO-27001-2019-212x300.jpg 212w, https:\/\/echopos.com.tr\/wp-content\/uploads\/ISO-27001-2019-768x1086.jpg 768w, https:\/\/echopos.com.tr\/wp-content\/uploads\/ISO-27001-2019-724x1024.jpg 724w, https:\/\/echopos.com.tr\/wp-content\/uploads\/ISO-27001-2019.jpg 1653w\" sizes=\"(max-width: 212px) 100vw, 212px\" \/><\/a>\n\t\t\t<\/dt>\n\t\t\t\t<dd class='wp-caption-text gallery-caption' id='gallery-1-762'>\n\t\t\t\tTS EN 27001:2013 Bilgi G\u00fcvenli\u011fi Y\u00f6netim Sistemi\n\t\t\t\t<\/dd><\/dl><dl class='gallery-item'>\n\t\t\t<dt class='gallery-icon portrait'>\n\t\t\t\t<a href='https:\/\/echopos.com.tr\/tr_TR\/sertifikalar\/iso-10002-2019-2\/'><img width=\"212\" height=\"300\" src=\"https:\/\/echopos.com.tr\/wp-content\/uploads\/ISO-10002-2019-212x300.jpg\" class=\"attachment-medium size-medium\" alt=\"\" decoding=\"async\" loading=\"lazy\" aria-describedby=\"gallery-1-761\" srcset=\"https:\/\/echopos.com.tr\/wp-content\/uploads\/ISO-10002-2019-212x300.jpg 212w, https:\/\/echopos.com.tr\/wp-content\/uploads\/ISO-10002-2019-768x1086.jpg 768w, https:\/\/echopos.com.tr\/wp-content\/uploads\/ISO-10002-2019-724x1024.jpg 724w, https:\/\/echopos.com.tr\/wp-content\/uploads\/ISO-10002-2019.jpg 1653w\" sizes=\"(max-width: 212px) 100vw, 212px\" \/><\/a>\n\t\t\t<\/dt>\n\t\t\t\t<dd class='wp-caption-text gallery-caption' id='gallery-1-761'>\n\t\t\t\tTS 10002:2018 M\u00fc\u015fteri Memnuniyeti Y\u00f6netim Sistemi\n\t\t\t\t<\/dd><\/dl><dl class='gallery-item'>\n\t\t\t<dt class='gallery-icon portrait'>\n\t\t\t\t<a href='https:\/\/echopos.com.tr\/tr_TR\/sertifikalar\/iso-9001-2019-3\/'><img width=\"212\" height=\"300\" src=\"https:\/\/echopos.com.tr\/wp-content\/uploads\/ISO-9001-2019-212x300.jpg\" class=\"attachment-medium size-medium\" alt=\"\" decoding=\"async\" loading=\"lazy\" aria-describedby=\"gallery-1-760\" srcset=\"https:\/\/echopos.com.tr\/wp-content\/uploads\/ISO-9001-2019-212x300.jpg 212w, https:\/\/echopos.com.tr\/wp-content\/uploads\/ISO-9001-2019-768x1086.jpg 768w, https:\/\/echopos.com.tr\/wp-content\/uploads\/ISO-9001-2019-724x1024.jpg 724w, https:\/\/echopos.com.tr\/wp-content\/uploads\/ISO-9001-2019.jpg 1653w\" sizes=\"(max-width: 212px) 100vw, 212px\" \/><\/a>\n\t\t\t<\/dt>\n\t\t\t\t<dd class='wp-caption-text gallery-caption' id='gallery-1-760'>\n\t\t\t\tTS EN ISO 9001:2018 Kalite Y\u00f6netim Sistemi\n\t\t\t\t<\/dd><\/dl><br style=\"clear: both\" \/>\n\t\t<\/div>\n\n","protected":false},"excerpt":{"rendered":"<p>&#8230;<\/p>\n","protected":false},"author":1,"featured_media":0,"parent":0,"menu_order":0,"comment_status":"closed","ping_status":"closed","template":"","meta":[],"_links":{"self":[{"href":"https:\/\/echopos.com.tr\/tr_TR\/wp-json\/wp\/v2\/pages\/455"}],"collection":[{"href":"https:\/\/echopos.com.tr\/tr_TR\/wp-json\/wp\/v2\/pages"}],"about":[{"href":"https:\/\/echopos.com.tr\/tr_TR\/wp-json\/wp\/v2\/types\/page"}],"author":[{"embeddable":true,"href":"https:\/\/echopos.com.tr\/tr_TR\/wp-json\/wp\/v2\/users\/1"}],"replies":[{"embeddable":true,"href":"https:\/\/echopos.com.tr\/tr_TR\/wp-json\/wp\/v2\/comments?post=455"}],"version-history":[{"count":11,"href":"https:\/\/echopos.com.tr\/tr_TR\/wp-json\/wp\/v2\/pages\/455\/revisions"}],"predecessor-version":[{"id":766,"href":"https:\/\/echopos.com.tr\/tr_TR\/wp-json\/wp\/v2\/pages\/455\/revisions\/766"}],"wp:attachment":[{"href":"https:\/\/echopos.com.tr\/tr_TR\/wp-json\/wp\/v2\/media?parent=455"}],"curies":[{"name":"wp","href":"https:\/\/api.w.org\/{rel}","templated":true}]}}