{"id":202,"date":"2018-01-24T11:24:36","date_gmt":"2018-01-24T08:24:36","guid":{"rendered":"http:\/\/echopos.com.tr\/?page_id=202"},"modified":"2021-03-16T16:07:23","modified_gmt":"2021-03-16T13:07:23","slug":"kalite-politikasi","status":"publish","type":"page","link":"https:\/\/echopos.com.tr\/tr_TR\/kalite-politikasi\/","title":{"rendered":"Kalite Politikas\u0131"},"content":{"rendered":"<p><strong>Echo Bilgi Y\u00f6netim Sistemleri A.\u015e.<\/strong> vizyonu do\u011frultusunda, geli\u015fen ve g\u00fcncel teknolojileri kullanarak, m\u00fc\u015fterilerinin kalite beklentilerini ve hayallerini derinden alg\u0131lar, de\u011fer zincirindeki t\u00fcm \u00fcr\u00fcn ve s\u00fcre\u00e7lerini bu do\u011frultuda s\u00fcrekli geli\u015ftirir, kolay sat\u0131n al\u0131nabilir ve kullan\u0131labilir g\u00fcvenilir \u00fcr\u00fcnler geli\u015ftirerek kurulumlar\u0131n\u0131 sa\u011flar ve sat\u0131\u015f sonras\u0131 hizmet verir. \u0130\u015f alan\u0131nda daima \u00f6nc\u00fc olmay\u0131 hedefler.<\/p>\n<p>Bu Kapsamda;<\/p>\n<p>&#8211; T\u00fcm s\u00fcre\u00e7lerde, m\u00fc\u015fterinin ihtiya\u00e7 ve beklentilerini tam olarak kar\u015f\u0131layan bir anlay\u0131\u015f i\u00e7inde g\u00fcvenilir ve aranan firma olmay\u0131,<\/p>\n<p>&#8211; Maliyetleri d\u00fc\u015f\u00fcrmek ve karl\u0131l\u0131\u011f\u0131 artt\u0131rmak i\u00e7in teknolojik geli\u015fmeleri yak\u0131ndan takip etmeyi ve uygulamay\u0131,<\/p>\n<p>&#8211; Kalite sistemleri \u00e7er\u00e7evesinde t\u00fcm \u00e7al\u0131\u015fanlar\u0131n daha yetkin ve yeteneklerini en \u00fcst seviyede kullanabilen ki\u015filer haline gelmeleri i\u00e7in ekip \u00e7al\u0131\u015fmas\u0131na \u00f6nem vererek kalite d\u00fczeyini<br \/>\ns\u00fcrekli y\u00fckseltmeyi,<\/p>\n<p>&#8211; Yenilik\u00e7i ve yarat\u0131c\u0131 yakla\u015f\u0131mlar\u0131 cesaretlendirecek, teknik ve davran\u0131\u015fsal yetkinlikleri art\u0131racak e\u011fitimleri ger\u00e7ekle\u015ftirmeyi,<\/p>\n<p>&#8211; \u0130nsan odakl\u0131 bir yakla\u015f\u0131mla \u00e7al\u0131\u015fanlar\u0131n\u0131 s\u00fcrekli geli\u015ftirmeyi, yap\u0131lan her faaliyette kalite bilinci ve sorgulay\u0131c\u0131 bak\u0131\u015f a\u00e7\u0131s\u0131n\u0131 dikkate alan bir \u015firket k\u00fclt\u00fcr\u00fc olu\u015fturmay\u0131,<\/p>\n<p>&#8211; T\u00fcm \u00e7al\u0131\u015fanlarda kalite, \u00e7evre ve i\u015f g\u00fcvenli\u011fi bilincini tesis etmeyi,<\/p>\n<p>&#8211; Tedarik\u00e7ilerle g\u00fcvene dayal\u0131 bir i\u015fbirli\u011fi i\u00e7inde olmay\u0131,<\/p>\n<p>&#8211; En uygun, en do\u011fru ve en ekonomik \u00e7\u00f6z\u00fcmleri en h\u0131zl\u0131 bi\u00e7imde \u00fcreterek daha sonra ortaya \u00e7\u0131kabilecek uygunsuzluklar\u0131n \u00f6n\u00fcne ge\u00e7meyi,<\/p>\n<p>&#8211; Ba\u015flanan her projeyi zaman\u0131nda, \u00fcst d\u00fczey tekniklerle projesine tam uyumlu, istenen kalitede eksiksiz tamamlamay\u0131,<\/p>\n<p>&#8211; \u0130\u00e7inde bulundu\u011fumuz topluma ve \u00e7evreye sayg\u0131l\u0131, \u00f6rnek bir kurulu\u015f olmay\u0131,<\/p>\n<p>&#8211; \u0130\u015f hacmini s\u00fcrekli geli\u015ftirerek, \u00fclke ekonomisine katk\u0131da bulunmay\u0131<\/p>\n<p>&#8211; Toplam Kalite felsefesini esas alarak, tak\u0131m ruhu i\u00e7erisinde \u015firket ve birim hedeflerine ula\u015fmay\u0131<\/p>\n<p>&#8211; \u0130\u015f s\u00fcre\u00e7lerini \u00f6zde\u011ferlendirme s\u00fcreci ile g\u00f6zden ge\u00e7irilerek, performans\u0131n\u0131 geli\u015ftirecek \u00f6nleyici yakla\u015f\u0131mlar\u0131 belirlemeyi,<\/p>\n<p>&#8211; S\u00fcrekli iyile\u015ftirme yakla\u015f\u0131m\u0131 do\u011frultusunda t\u00fcm s\u00fcre\u00e7lerindeki verimlili\u011fi uluslararas\u0131 d\u00fczeyde rekabet edebilecek seviyeye y\u00fckseltmeyi,<br \/>\nKalite Politikas\u0131 olarak belirlemi\u015ftir.<\/p>\n","protected":false},"excerpt":{"rendered":"<p>&#8230;<\/p>\n","protected":false},"author":1,"featured_media":0,"parent":0,"menu_order":0,"comment_status":"closed","ping_status":"closed","template":"","meta":[],"_links":{"self":[{"href":"https:\/\/echopos.com.tr\/tr_TR\/wp-json\/wp\/v2\/pages\/202"}],"collection":[{"href":"https:\/\/echopos.com.tr\/tr_TR\/wp-json\/wp\/v2\/pages"}],"about":[{"href":"https:\/\/echopos.com.tr\/tr_TR\/wp-json\/wp\/v2\/types\/page"}],"author":[{"embeddable":true,"href":"https:\/\/echopos.com.tr\/tr_TR\/wp-json\/wp\/v2\/users\/1"}],"replies":[{"embeddable":true,"href":"https:\/\/echopos.com.tr\/tr_TR\/wp-json\/wp\/v2\/comments?post=202"}],"version-history":[{"count":5,"href":"https:\/\/echopos.com.tr\/tr_TR\/wp-json\/wp\/v2\/pages\/202\/revisions"}],"predecessor-version":[{"id":492,"href":"https:\/\/echopos.com.tr\/tr_TR\/wp-json\/wp\/v2\/pages\/202\/revisions\/492"}],"wp:attachment":[{"href":"https:\/\/echopos.com.tr\/tr_TR\/wp-json\/wp\/v2\/media?parent=202"}],"curies":[{"name":"wp","href":"https:\/\/api.w.org\/{rel}","templated":true}]}}